{"id":48,"date":"2026-03-19T16:20:12","date_gmt":"2026-03-19T19:20:12","guid":{"rendered":"https:\/\/institutophala.org.br\/?page_id=48"},"modified":"2026-03-19T20:29:05","modified_gmt":"2026-03-19T23:29:05","slug":"transparencia","status":"publish","type":"page","link":"https:\/\/institutophala.org.br\/?page_id=48","title":{"rendered":""},"content":{"rendered":"\n<div class=\"wp-block-group alignwide has-medium-font-size has-global-padding is-layout-constrained wp-container-core-group-is-layout-12243e0f wp-block-group-is-layout-constrained\">\n<p class=\"has-text-align-center has-x-large-font-size\"><strong>Transpar\u00eancia<\/strong><\/p>\n\n\n\n<p class=\"has-text-align-left\">Em cumprimento a Lei da Transpar\u00eancia 12.527 de 18\/11\/2011 e suas atualiza\u00e7\u00f5es, ao Comunicado SDG 016\/2018 do Tribunal de Contas do Estado de S\u00e3o Paulo e as regras de transpar\u00eancias contidas na Lei 13.019\/2014 e suas atualiza\u00e7\u00f5es, disponibilizamos um p\u00e1gina de transpar\u00eancia em nosso site, a fim de deixarmos vis\u00edveis os repasses p\u00fablicos obtidos e seus respectivos gastos em projetos sempre vinculados ao atendimento da comunidade surda.<\/p>\n<\/div>\n\n\n\n<div class=\"wp-block-buttons is-content-justification-center is-layout-flex wp-container-core-buttons-is-layout-a89b3969 wp-block-buttons-is-layout-flex\">\n<div class=\"wp-block-button\"><a class=\"wp-block-button__link wp-element-button\">Informa\u00e7\u00f5es da Institui\u00e7\u00e3o<\/a><\/div>\n\n\n\n<div class=\"wp-block-button\"><a class=\"wp-block-button__link wp-element-button\">Projetos<\/a><\/div>\n\n\n\n<div class=\"wp-block-button\"><a class=\"wp-block-button__link wp-element-button\">Certifica\u00e7\u00f5es<\/a><\/div>\n<\/div>\n","protected":false},"excerpt":{"rendered":"<p>Transpar\u00eancia Em cumprimento a Lei da Transpar\u00eancia 12.527 de 18\/11\/2011 e suas atualiza\u00e7\u00f5es, ao Comunicado SDG 016\/2018 do Tribunal de Contas do Estado de S\u00e3o Paulo e as regras de transpar\u00eancias contidas na Lei 13.019\/2014 e suas atualiza\u00e7\u00f5es, disponibilizamos um p\u00e1gina de transpar\u00eancia em nosso site, a fim de deixarmos vis\u00edveis os repasses p\u00fablicos obtidos [&hellip;]<\/p>\n","protected":false},"author":1,"featured_media":0,"parent":0,"menu_order":0,"comment_status":"closed","ping_status":"closed","template":"","meta":{"footnotes":""},"class_list":["post-48","page","type-page","status-publish","hentry"],"_links":{"self":[{"href":"https:\/\/institutophala.org.br\/index.php?rest_route=\/wp\/v2\/pages\/48","targetHints":{"allow":["GET"]}}],"collection":[{"href":"https:\/\/institutophala.org.br\/index.php?rest_route=\/wp\/v2\/pages"}],"about":[{"href":"https:\/\/institutophala.org.br\/index.php?rest_route=\/wp\/v2\/types\/page"}],"author":[{"embeddable":true,"href":"https:\/\/institutophala.org.br\/index.php?rest_route=\/wp\/v2\/users\/1"}],"replies":[{"embeddable":true,"href":"https:\/\/institutophala.org.br\/index.php?rest_route=%2Fwp%2Fv2%2Fcomments&post=48"}],"version-history":[{"count":7,"href":"https:\/\/institutophala.org.br\/index.php?rest_route=\/wp\/v2\/pages\/48\/revisions"}],"predecessor-version":[{"id":136,"href":"https:\/\/institutophala.org.br\/index.php?rest_route=\/wp\/v2\/pages\/48\/revisions\/136"}],"wp:attachment":[{"href":"https:\/\/institutophala.org.br\/index.php?rest_route=%2Fwp%2Fv2%2Fmedia&parent=48"}],"curies":[{"name":"wp","href":"https:\/\/api.w.org\/{rel}","templated":true}]}}