{"id":142,"date":"2026-03-25T14:43:20","date_gmt":"2026-03-25T17:43:20","guid":{"rendered":"https:\/\/institutophala.org.br\/?post_type=product&#038;p=142"},"modified":"2026-03-25T14:43:20","modified_gmt":"2026-03-25T17:43:20","slug":"acesso-ao-curso-online-de-libras-modulo-1","status":"publish","type":"product","link":"https:\/\/institutophala.org.br\/?product=acesso-ao-curso-online-de-libras-modulo-1","title":{"rendered":"Acesso ao Curso Online de LIBRAS &#8211; M\u00f3dulo 1"},"content":{"rendered":"<p style=\"text-align: justify;\">O curso de L\u00edngua Brasileira de Sinais (Libras) do Instituto Phala oferece uma forma\u00e7\u00e3o qualificada para\u00a0quem busca iniciar os estudos na \u00e1rea da Surdez e da L\u00edngua de Sinais, de maneira r\u00e1pida e totalmente \u00e0\u00a0dist\u00e2ncia.<\/p>\n<p style=\"text-align: justify;\"><strong>Sobre o Curso<\/strong><\/p>\n<p style=\"text-align: justify;\"><strong>Objetivos<\/strong>:\u00a0apresentar os principais aspectos da Libras, introduzindo vocabul\u00e1rio e promovendo\u00a0possibilidades de que os alunos desenvolvam uma comunica\u00e7\u00e3o inicial \u00a0em Libras.<\/p>\n<p style=\"text-align: justify;\"><strong>Conte\u00fado<\/strong>:\u00a0Apresenta\u00e7\u00e3o da Surdez e da Libras; Alfabeto Manual; Apresenta\u00e7\u00e3o Pessoal; Cumprimentos,\u00a0Numerais; Calend\u00e1rio; Dias da Semana; Vocabul\u00e1rios relacionados a diferentes grupos sem\u00e2nticos\u00a0trabalhados de maneira contextualizada; Quest\u00f5es Gramaticais relacionadas \u00e0 Libras (Express\u00f5es Faciais e\u00a0Corporais, Classificadores, Par\u00e2metros da Libras). Todo o conte\u00fado \u00e9 trabalhado dentro de contextos e\u00a0di\u00e1logos, atrav\u00e9s de hist\u00f3rias, f\u00e1bulas, poesias e piadas relacionadas \u00e0 cultura surda.<\/p>\n<p style=\"text-align: justify;\"><strong>P\u00fablico-alvo<\/strong>:\u00a0Os cursos a dist\u00e2ncia do Instituto Phala s\u00e3o destinados \u00e0queles que buscam se especializar\u00a0e enriquecer o curr\u00edculo em um per\u00edodo de tempo curto e sem perder o interesse por uma forma\u00e7\u00e3o de\u00a0qualidade.<\/p>\n<p style=\"text-align: justify;\"><strong>Carga hor\u00e1ria<\/strong>:\u00a040 horas<\/p>\n<p style=\"text-align: justify;\"><strong>Dura\u00e7\u00e3o do Curso<\/strong>:\u00a0100 dias a partir da efetiva\u00e7\u00e3o e pagamento da matr\u00edcula.<\/p>\n<p style=\"text-align: justify;\"><strong>Como funciona<\/strong>:\u00a0O curso ser\u00e1 ministrado no AVA \u2013 Ambiente Virtual de Aprendizagem, pela Plataforma\u00a0Moodle. O aluno assistir\u00e1 aos v\u00eddeos das aulas (ministradas em Libras por instrutores surdos) e realizar\u00e1 as\u00a0atividades propostas ao t\u00e9rmino de cada t\u00f3pico. A avalia\u00e7\u00e3o e certifica\u00e7\u00e3o ser\u00e3o realizadas a partir da\u00a0frequ\u00eancia m\u00ednima de 75% nas web aulas e entrega das atividades. Al\u00e9m de poder assistir as aulas quantas\u00a0vezes considerar necess\u00e1rio, o aluno tamb\u00e9m ter\u00e1 a sua disposi\u00e7\u00e3o materiais para leituras complementares,\u00a0referentes aos conte\u00fados abordados nas aulas.<\/p>\n<p style=\"text-align: justify;\"><strong>Certificados<\/strong>:\u00a0ser\u00e3o enviados certificados digitais aos alunos devidamente matriculados, com o m\u00ednimo de\u00a075% de presen\u00e7a nas web aulas e que tenham enviado as atividades propostas. O curso tem certifica\u00e7\u00e3o de\u00a040 horas.<\/p>\n","protected":false},"excerpt":{"rendered":"<p>O curso de L\u00edngua Brasileira de Sinais (Libras) do Instituto Phala oferece uma forma\u00e7\u00e3o qualificada para\u00a0quem busca iniciar os estudos na \u00e1rea da Surdez e da L\u00edngua de Sinais, de maneira r\u00e1pida e totalmente \u00e0\u00a0dist\u00e2ncia. Sobre o Curso Objetivos:\u00a0apresentar os principais aspectos da Libras, introduzindo vocabul\u00e1rio e promovendo\u00a0possibilidades de que os alunos desenvolvam uma comunica\u00e7\u00e3o [&hellip;]<\/p>\n","protected":false},"featured_media":146,"comment_status":"closed","ping_status":"closed","template":"","meta":[],"product_brand":[],"product_cat":[26],"product_tag":[27,28],"class_list":{"0":"post-142","1":"product","2":"type-product","3":"status-publish","4":"has-post-thumbnail","6":"product_cat-curso-online","7":"product_tag-libras","8":"product_tag-lingua-de-sinais","10":"first","11":"instock","12":"virtual","13":"taxable","14":"purchasable","15":"product-type-simple"},"_links":{"self":[{"href":"https:\/\/institutophala.org.br\/index.php?rest_route=\/wp\/v2\/product\/142","targetHints":{"allow":["GET"]}}],"collection":[{"href":"https:\/\/institutophala.org.br\/index.php?rest_route=\/wp\/v2\/product"}],"about":[{"href":"https:\/\/institutophala.org.br\/index.php?rest_route=\/wp\/v2\/types\/product"}],"replies":[{"embeddable":true,"href":"https:\/\/institutophala.org.br\/index.php?rest_route=%2Fwp%2Fv2%2Fcomments&post=142"}],"wp:featuredmedia":[{"embeddable":true,"href":"https:\/\/institutophala.org.br\/index.php?rest_route=\/wp\/v2\/media\/146"}],"wp:attachment":[{"href":"https:\/\/institutophala.org.br\/index.php?rest_route=%2Fwp%2Fv2%2Fmedia&parent=142"}],"wp:term":[{"taxonomy":"product_brand","embeddable":true,"href":"https:\/\/institutophala.org.br\/index.php?rest_route=%2Fwp%2Fv2%2Fproduct_brand&post=142"},{"taxonomy":"product_cat","embeddable":true,"href":"https:\/\/institutophala.org.br\/index.php?rest_route=%2Fwp%2Fv2%2Fproduct_cat&post=142"},{"taxonomy":"product_tag","embeddable":true,"href":"https:\/\/institutophala.org.br\/index.php?rest_route=%2Fwp%2Fv2%2Fproduct_tag&post=142"}],"curies":[{"name":"wp","href":"https:\/\/api.w.org\/{rel}","templated":true}]}}