{"id":147,"date":"2026-03-25T14:44:26","date_gmt":"2026-03-25T17:44:26","guid":{"rendered":"https:\/\/institutophala.org.br\/?post_type=product&#038;p=147"},"modified":"2026-03-25T14:44:27","modified_gmt":"2026-03-25T17:44:27","slug":"acesso-ao-curso-online-de-libras-modulo-2","status":"publish","type":"product","link":"https:\/\/institutophala.org.br\/?product=acesso-ao-curso-online-de-libras-modulo-2","title":{"rendered":"Acesso ao Curso Online de LIBRAS &#8211; M\u00f3dulo 2"},"content":{"rendered":"<p>O curso de L\u00edngua Brasileira de Sinais (Libras) do Instituto Phala oferece uma forma\u00e7\u00e3o qualificada para\u00a0quem busca iniciar os estudos na \u00e1rea da Surdez e da L\u00edngua de Sinais, de maneira r\u00e1pida e totalmente \u00e0\u00a0dist\u00e2ncia.<\/p>\n<p><strong>Sobre o Curso<\/strong><\/p>\n<p><strong>Objetivos<\/strong>:\u00a0aprofundar aspectos relacionados \u00e0 conversa\u00e7\u00e3o em Libras, ampliando o vocabul\u00e1rio na l\u00edngua\u00a0e apresentando conceitos gramaticais importantes para sua apropria\u00e7\u00e3o. Ampliar os conhecimentos te\u00f3rico-pr\u00e1ticos iniciados com a forma\u00e7\u00e3o no m\u00f3dulo I.<\/p>\n<p><strong>Conte\u00fado<\/strong>:\u00a0Vocabul\u00e1rios relacionados a diferentes grupos sem\u00e2nticos trabalhados de maneira\u00a0contextualizada; Quest\u00f5es Gramaticais relacionadas \u00e0 Libras (Express\u00f5es Faciais e Corporais,\u00a0Classificadores, Par\u00e2metros da Libras). Todo o conte\u00fado \u00e9 trabalhado dentro de contextos e di\u00e1logos,\u00a0atrav\u00e9s de hist\u00f3rias, f\u00e1bulas, poesias e piadas relacionadas \u00e0 cultura surda.<\/p>\n<p><strong>P\u00fablico-alvo<\/strong>:\u00a0Alunos que j\u00e1 cursaram o m\u00f3dulo I (b\u00e1sico) do curso de Libras do Instituto Phala ou de outra\u00a0institui\u00e7\u00e3o, mas que tenham conhecimento inicial\/b\u00e1sico da l\u00edngua.<\/p>\n<p><strong>Carga hor\u00e1ria<\/strong>:\u00a040 horas<\/p>\n<p><strong>Dura\u00e7\u00e3o do Curso<\/strong>:\u00a0100 dias a partir da efetiva\u00e7\u00e3o e pagamento da matr\u00edcula.<\/p>\n<p><strong>Como funciona<\/strong>:\u00a0O curso ser\u00e1 ministrado no AVA \u2013 Ambiente Virtual de Aprendizagem, pela Plataforma\u00a0Moodle. O aluno assistir\u00e1 aos v\u00eddeos das aulas (ministradas em Libras por instrutores surdos) e realizar\u00e1 as\u00a0atividades propostas ao t\u00e9rmino de cada t\u00f3pico. A avalia\u00e7\u00e3o e certifica\u00e7\u00e3o ser\u00e3o realizadas a partir da\u00a0frequ\u00eancia m\u00ednima de 75% nas web aulas e entrega das atividades. Al\u00e9m de poder assistir as aulas quantas\u00a0vezes considerar necess\u00e1rio, o aluno tamb\u00e9m ter\u00e1 a sua disposi\u00e7\u00e3o materiais para leituras complementares,\u00a0referentes aos conte\u00fados abordados nas aulas.<\/p>\n<p><strong>Certificados<\/strong>:\u00a0ser\u00e3o enviados certificados digitais aos alunos devidamente matriculados, com o m\u00ednimo de\u00a075% de presen\u00e7a nas web aulas e que tenham enviado as atividades propostas. O curso tem certifica\u00e7\u00e3o de\u00a040 horas.<\/p>\n","protected":false},"excerpt":{"rendered":"<p>O curso de L\u00edngua Brasileira de Sinais (Libras) do Instituto Phala oferece uma forma\u00e7\u00e3o qualificada para\u00a0quem busca iniciar os estudos na \u00e1rea da Surdez e da L\u00edngua de Sinais, de maneira r\u00e1pida e totalmente \u00e0\u00a0dist\u00e2ncia. Sobre o Curso Objetivos:\u00a0aprofundar aspectos relacionados \u00e0 conversa\u00e7\u00e3o em Libras, ampliando o vocabul\u00e1rio na l\u00edngua\u00a0e apresentando conceitos gramaticais importantes para [&hellip;]<\/p>\n","protected":false},"featured_media":145,"comment_status":"closed","ping_status":"closed","template":"","meta":[],"product_brand":[],"product_cat":[26],"product_tag":[27,28],"class_list":{"0":"post-147","1":"product","2":"type-product","3":"status-publish","4":"has-post-thumbnail","6":"product_cat-curso-online","7":"product_tag-libras","8":"product_tag-lingua-de-sinais","10":"first","11":"instock","12":"virtual","13":"taxable","14":"purchasable","15":"product-type-simple"},"_links":{"self":[{"href":"https:\/\/institutophala.org.br\/index.php?rest_route=\/wp\/v2\/product\/147","targetHints":{"allow":["GET"]}}],"collection":[{"href":"https:\/\/institutophala.org.br\/index.php?rest_route=\/wp\/v2\/product"}],"about":[{"href":"https:\/\/institutophala.org.br\/index.php?rest_route=\/wp\/v2\/types\/product"}],"replies":[{"embeddable":true,"href":"https:\/\/institutophala.org.br\/index.php?rest_route=%2Fwp%2Fv2%2Fcomments&post=147"}],"wp:featuredmedia":[{"embeddable":true,"href":"https:\/\/institutophala.org.br\/index.php?rest_route=\/wp\/v2\/media\/145"}],"wp:attachment":[{"href":"https:\/\/institutophala.org.br\/index.php?rest_route=%2Fwp%2Fv2%2Fmedia&parent=147"}],"wp:term":[{"taxonomy":"product_brand","embeddable":true,"href":"https:\/\/institutophala.org.br\/index.php?rest_route=%2Fwp%2Fv2%2Fproduct_brand&post=147"},{"taxonomy":"product_cat","embeddable":true,"href":"https:\/\/institutophala.org.br\/index.php?rest_route=%2Fwp%2Fv2%2Fproduct_cat&post=147"},{"taxonomy":"product_tag","embeddable":true,"href":"https:\/\/institutophala.org.br\/index.php?rest_route=%2Fwp%2Fv2%2Fproduct_tag&post=147"}],"curies":[{"name":"wp","href":"https:\/\/api.w.org\/{rel}","templated":true}]}}