{"id":148,"date":"2026-03-25T14:45:36","date_gmt":"2026-03-25T17:45:36","guid":{"rendered":"https:\/\/institutophala.org.br\/?post_type=product&#038;p=148"},"modified":"2026-03-25T14:45:36","modified_gmt":"2026-03-25T17:45:36","slug":"acesso-ao-curso-online-basico-de-asl","status":"publish","type":"product","link":"https:\/\/institutophala.org.br\/?product=acesso-ao-curso-online-basico-de-asl","title":{"rendered":"Acesso ao Curso Online B\u00e1sico de ASL"},"content":{"rendered":"<p>O curso de L\u00edngua Americana de Sinais (ASL) do Instituto Phala oferece uma forma\u00e7\u00e3o qualificada para quem busca iniciar os estudos na \u00e1rea da Surdez e da L\u00edngua de Sinais, de maneira r\u00e1pida e totalmente \u00e0 dist\u00e2ncia.<\/p>\n<p><strong>Sobre o Curso<\/strong><\/p>\n<p><strong>Objetivos<\/strong>: apresentar os principais aspectos da ASL, introduzindo vocabul\u00e1rio e promovendo possibilidades de que os alunos desenvolvam uma comunica\u00e7\u00e3o inicial em ASL.<\/p>\n<p><strong>Conte\u00fado<\/strong>: Hist\u00f3ria da ASL; Alfabeto Manual; Numerais; Cultura da ASL; Apresenta\u00e7\u00e3o Pessoal; Cumprimentos; Di\u00e1logos; Pronomes; Ant\u00f4nimos; Verbos; Regras Gramaticais; Local de Aprendizagem; L\u00ednguas dos Pa\u00edses; Respostas; Cores; Calend\u00e1rio; Revis\u00f5es; Fam\u00edlia; Frases; Opin\u00f5es sobre Atividades; Dias da Semana; Vocabul\u00e1rios relacionados a diferentes grupos sem\u00e2nticos trabalhados de maneira contextualizada; Quest\u00f5es Gramaticais relacionadas \u00e0 ASL. Todo o conte\u00fado \u00e9 trabalhado dentro de contextos e di\u00e1logos.<\/p>\n<p><strong>P\u00fablico-alvo<\/strong>: Os cursos a dist\u00e2ncia do Instituto Phala s\u00e3o destinados \u00e0queles que buscam se especializar e enriquecer o curr\u00edculo em um per\u00edodo de tempo curto e sem perder o interesse por uma forma\u00e7\u00e3o de qualidade.<\/p>\n<p><strong>Carga hor\u00e1ria<\/strong>: 40 horas<\/p>\n<p><strong>Dura\u00e7\u00e3o do Curso<\/strong>: 100 dias a partir da efetiva\u00e7\u00e3o e pagamento da matr\u00edcula.<\/p>\n<p>Como funciona: O curso ser\u00e1 ministrado no AVA \u2013 Ambiente Virtual de Aprendizagem, pela Plataforma Moodle. O aluno assistir\u00e1 aos v\u00eddeos das aulas (ministradas em ASL por instrutor surdo americano) e realizar\u00e1 as atividades propostas ao t\u00e9rmino de cada t\u00f3pico. A avalia\u00e7\u00e3o e certifica\u00e7\u00e3o ser\u00e3o realizadas a partir da frequ\u00eancia m\u00ednima de 75% nas web aulas e entrega das atividades. Al\u00e9m de poder assistir as aulas quantas vezes considerar necess\u00e1rio, o aluno tamb\u00e9m ter\u00e1 a sua disposi\u00e7\u00e3o materiais para leituras complementares, referentes aos conte\u00fados abordados nas aulas.<\/p>\n<p><strong>Certificados<\/strong>: ser\u00e3o enviados certificados digitais aos alunos devidamente matriculados, com o m\u00ednimo de 75% de presen\u00e7a nas web aulas e que tenham enviado as atividades propostas. O curso tem certifica\u00e7\u00e3o de 40 horas.<\/p>\n","protected":false},"excerpt":{"rendered":"<p>O curso de L\u00edngua Americana de Sinais (ASL) do Instituto Phala oferece uma forma\u00e7\u00e3o qualificada para quem busca iniciar os estudos na \u00e1rea da Surdez e da L\u00edngua de Sinais, de maneira r\u00e1pida e totalmente \u00e0 dist\u00e2ncia. Sobre o Curso Objetivos: apresentar os principais aspectos da ASL, introduzindo vocabul\u00e1rio e promovendo possibilidades de que os [&hellip;]<\/p>\n","protected":false},"featured_media":143,"comment_status":"closed","ping_status":"closed","template":"","meta":[],"product_brand":[],"product_cat":[26],"product_tag":[29,28],"class_list":{"0":"post-148","1":"product","2":"type-product","3":"status-publish","4":"has-post-thumbnail","6":"product_cat-curso-online","7":"product_tag-asl","8":"product_tag-lingua-de-sinais","10":"first","11":"instock","12":"virtual","13":"taxable","14":"purchasable","15":"product-type-simple"},"_links":{"self":[{"href":"https:\/\/institutophala.org.br\/index.php?rest_route=\/wp\/v2\/product\/148","targetHints":{"allow":["GET"]}}],"collection":[{"href":"https:\/\/institutophala.org.br\/index.php?rest_route=\/wp\/v2\/product"}],"about":[{"href":"https:\/\/institutophala.org.br\/index.php?rest_route=\/wp\/v2\/types\/product"}],"replies":[{"embeddable":true,"href":"https:\/\/institutophala.org.br\/index.php?rest_route=%2Fwp%2Fv2%2Fcomments&post=148"}],"wp:featuredmedia":[{"embeddable":true,"href":"https:\/\/institutophala.org.br\/index.php?rest_route=\/wp\/v2\/media\/143"}],"wp:attachment":[{"href":"https:\/\/institutophala.org.br\/index.php?rest_route=%2Fwp%2Fv2%2Fmedia&parent=148"}],"wp:term":[{"taxonomy":"product_brand","embeddable":true,"href":"https:\/\/institutophala.org.br\/index.php?rest_route=%2Fwp%2Fv2%2Fproduct_brand&post=148"},{"taxonomy":"product_cat","embeddable":true,"href":"https:\/\/institutophala.org.br\/index.php?rest_route=%2Fwp%2Fv2%2Fproduct_cat&post=148"},{"taxonomy":"product_tag","embeddable":true,"href":"https:\/\/institutophala.org.br\/index.php?rest_route=%2Fwp%2Fv2%2Fproduct_tag&post=148"}],"curies":[{"name":"wp","href":"https:\/\/api.w.org\/{rel}","templated":true}]}}