{"id":27,"date":"2026-03-19T15:13:06","date_gmt":"2026-03-19T18:13:06","guid":{"rendered":"https:\/\/institutophala.org.br\/?post_type=product&#038;p=27"},"modified":"2026-03-19T15:13:07","modified_gmt":"2026-03-19T18:13:07","slug":"livro-ilustrado-de-lingua-brasileira-de-sinais","status":"publish","type":"product","link":"https:\/\/institutophala.org.br\/?product=livro-ilustrado-de-lingua-brasileira-de-sinais","title":{"rendered":"Livro Ilustrado de L\u00edngua Brasileira de Sinais"},"content":{"rendered":"<p>O Livro Ilustrado da L\u00edngua Brasileira de Sinais foi pensado e elaborado pelos profissionais do Instituto Phala com o objetivo de atender uma crescente demanda de pessoas que buscam pela aprendizagem da Libras, seja para aprimorar a comunica\u00e7\u00e3o com a comunidade surda, seja para o aperfei\u00e7oamento profissional.<\/p>\n<p>Organizado como um dicion\u00e1rio, o material traz fotografias dos sinais que comp\u00f5em a Libras, acompanhadas da palavra em l\u00edngua portuguesa e com orienta\u00e7\u00f5es para a execu\u00e7\u00e3o correta do movimento.<\/p>\n<p><strong>Origem<\/strong>: NACIONAL<br \/>\n<strong>Editora<\/strong>: FONTOURA<br \/>\n<strong>Idioma<\/strong>: PORTUGU\u00caS<br \/>\n<strong>Edi\u00e7\u00e3o<\/strong>: 1<br \/>\n<strong>Ano<\/strong>: 2015<br \/>\n<strong>Pa\u00eds de Produ\u00e7\u00e3o<\/strong>: BRASIL<br \/>\n<strong>C\u00f3digo de Barras<\/strong>: 9788583340164<br \/>\n<strong>ISBN<\/strong>: 978-85-8334-016-4<br \/>\n<strong>Encaderna\u00e7\u00e3o<\/strong>: BROCHURA<br \/>\n<strong>Altura<\/strong>: 28 cm<br \/>\n<strong>Largura<\/strong>: 21 cm<br \/>\n<strong>Peso<\/strong>: 0,708 gr.<br \/>\n<strong>Complemento<\/strong>: NENHUM<br \/>\n<strong>N\u00ba de P\u00e1ginas<\/strong>: 256 p\u00e1g.<\/p>\n","protected":false},"excerpt":{"rendered":"<p>O Livro Ilustrado da L\u00edngua Brasileira de Sinais foi pensado e elaborado pelos profissionais do Instituto Phala com o objetivo de atender uma crescente demanda de pessoas que buscam pela aprendizagem da Libras, seja para aprimorar a comunica\u00e7\u00e3o com a comunidade surda, seja para o aperfei\u00e7oamento profissional. Organizado como um dicion\u00e1rio, o material traz fotografias [&hellip;]<\/p>\n","protected":false},"featured_media":28,"comment_status":"closed","ping_status":"closed","template":"","meta":[],"product_brand":[],"product_cat":[20],"product_tag":[21],"class_list":{"0":"post-27","1":"product","2":"type-product","3":"status-publish","4":"has-post-thumbnail","6":"product_cat-livro","7":"product_tag-dicionario","9":"first","10":"instock","11":"virtual","12":"taxable","13":"purchasable","14":"product-type-simple"},"_links":{"self":[{"href":"https:\/\/institutophala.org.br\/index.php?rest_route=\/wp\/v2\/product\/27","targetHints":{"allow":["GET"]}}],"collection":[{"href":"https:\/\/institutophala.org.br\/index.php?rest_route=\/wp\/v2\/product"}],"about":[{"href":"https:\/\/institutophala.org.br\/index.php?rest_route=\/wp\/v2\/types\/product"}],"replies":[{"embeddable":true,"href":"https:\/\/institutophala.org.br\/index.php?rest_route=%2Fwp%2Fv2%2Fcomments&post=27"}],"wp:featuredmedia":[{"embeddable":true,"href":"https:\/\/institutophala.org.br\/index.php?rest_route=\/wp\/v2\/media\/28"}],"wp:attachment":[{"href":"https:\/\/institutophala.org.br\/index.php?rest_route=%2Fwp%2Fv2%2Fmedia&parent=27"}],"wp:term":[{"taxonomy":"product_brand","embeddable":true,"href":"https:\/\/institutophala.org.br\/index.php?rest_route=%2Fwp%2Fv2%2Fproduct_brand&post=27"},{"taxonomy":"product_cat","embeddable":true,"href":"https:\/\/institutophala.org.br\/index.php?rest_route=%2Fwp%2Fv2%2Fproduct_cat&post=27"},{"taxonomy":"product_tag","embeddable":true,"href":"https:\/\/institutophala.org.br\/index.php?rest_route=%2Fwp%2Fv2%2Fproduct_tag&post=27"}],"curies":[{"name":"wp","href":"https:\/\/api.w.org\/{rel}","templated":true}]}}